{"id":10858,"date":"2014-03-10T07:26:45","date_gmt":"2014-03-10T04:26:45","guid":{"rendered":"http:\/\/demo.zozothemes.com\/medicalhealth\/?page_id=10858"},"modified":"2024-11-07T18:38:20","modified_gmt":"2024-11-07T15:38:20","slug":"ticari-faaliyetler-2","status":"publish","type":"page","link":"https:\/\/asaygloballtd.com\/tr\/ticari-faaliyetler-2\/","title":{"rendered":"Ticari Faliyetler"},"content":{"rendered":"<div class=\"wpb-content-wrapper\">\r\n\r\r\n\t<section class=\"vc_row wpb_row vc_row-fluid vc_custom_1491892419327 vc-zozo-section typo-default\"><div class=\"zozo-vc-main-row-inner vc-normal-section\"><div class=\"container\"><div class=\"row\"><div class=\"wpb_column vc_main_column vc_column_container vc_col-sm-12 typo-default\"><div class=\"vc_column-inner\"><div class=\"wpb_wrapper\"><div class=\"zozo-parallax-header\"><div class=\"parallax-header content-style-default\"><h2 class=\"parallax-title\">Ticari Faaliyetler<\/h2><div class=\"parallax-desc default-style\"><p>Asay Global<\/p>\n<\/div><\/div><\/div><div class=\"vc_row wpb_row vc_inner vc_row-fluid\"><div class=\"zozo-vc-row-inner vc-inner-row-section clearfix\"><div class=\"wpb_column vc_column_inner vc_column_container vc_col-sm-12 vc_col-lg-4 vc_col-md-12 typo-default\"><div class=\"vc_column-inner vc_custom_1710860105345\"><div class=\"wpb_wrapper\"><div class=\"zozo-feature-box feature-box-style zozo-img-filter-grayscale style-title-top-icon style-sep-no vc_custom_1710859031107 clearfix\" id=\"feature-box-1\"><div class=\"grid-item\"><div class=\"grid-icon-box\"><div class=\"grid-box-inner grid-icon-box-wrapper grid-box-exlarge grid-box-icon-none  grid-icon-box-left\"><div class=\"grid-icon-box-title\"><div class=\"grid-image-wrapper zozo-image-wrapper image-filter-grayscale img-circle\"><a href=\"https:\/\/asaygloballtd.com\/tr\/hakkimizda\/\" title=\"Hakk\u0131m\u0131zda\" target=\"_self\"><img loading=\"lazy\" decoding=\"async\" width=\"150\" height=\"150\" src=\"https:\/\/asaygloballtd.com\/wp-content\/uploads\/2024\/03\/asayglobal_export_import_ecommerce_education_organization_2024-2-150x150.png\" class=\"img-circle attachment-thumbnail\" alt=\"\" title=\"asayglobal_export_\u0131mport_ecommerce_education_organization_2024\" srcset=\"https:\/\/asaygloballtd.com\/wp-content\/uploads\/2024\/03\/asayglobal_export_import_ecommerce_education_organization_2024-2-150x150.png 150w, https:\/\/asaygloballtd.com\/wp-content\/uploads\/2024\/03\/asayglobal_export_import_ecommerce_education_organization_2024-2-300x300.png 300w, https:\/\/asaygloballtd.com\/wp-content\/uploads\/2024\/03\/asayglobal_export_import_ecommerce_education_organization_2024-2-12x12.png 12w, https:\/\/asaygloballtd.com\/wp-content\/uploads\/2024\/03\/asayglobal_export_import_ecommerce_education_organization_2024-2-85x85.png 85w, https:\/\/asaygloballtd.com\/wp-content\/uploads\/2024\/03\/asayglobal_export_import_ecommerce_education_organization_2024-2-400x400.png 400w, https:\/\/asaygloballtd.com\/wp-content\/uploads\/2024\/03\/asayglobal_export_import_ecommerce_education_organization_2024-2.png 500w\" sizes=\"auto, (max-width: 150px) 100vw, 150px\" \/><\/a><\/div><h5 class=\"grid-title\" >TOPTAN SATI\u015e<\/h5><\/div><div class=\"clearfix\"><\/div><div class=\"grid-icon-box-content\"><div class=\"grid-desc\" ><p>S\u00fcrd\u00fcr\u00fclebilir Pamuk\/Keten\/Kenevir\/Y\u00fcn Haz\u0131r Giyim ve Konfeksiyon \u2013 Otel Tekstil\u00a0 \u00dcr\u00fcnlerin (Online- Toptan \u2013 Perakende Sat\u0131\u015f) Sat\u0131\u015f\u0131<\/p>\n<\/div><div class=\"grid-button\"><a href=\"https:\/\/asaygloballtd.com\/tr\/hakkimizda\/\" title=\"Hakk\u0131m\u0131zda\" target=\"_self\">Daha Fazla<\/a><\/div><\/div><\/div><\/div><\/div><\/div><\/div><\/div><\/div><div class=\"center-full-image-top wpb_column vc_column_inner vc_column_container vc_col-sm-12 vc_col-lg-4 vc_col-md-12 typo-default\"><div class=\"vc_column-inner vc_custom_1502352337522\"><div class=\"wpb_wrapper\">\n\t<div  class=\"wpb_single_image wpb_content_element vc_align_center\">\n\t\t\n\t\t<figure class=\"wpb_wrapper vc_figure\">\n\t\t\t<div class=\"vc_single_image-wrapper vc_box_shadow_border_circle  vc_box_border_grey\"><img loading=\"lazy\" decoding=\"async\" width=\"300\" height=\"300\" src=\"https:\/\/asaygloballtd.com\/wp-content\/uploads\/2024\/03\/asayglobal_logo2-2-300x300.png\" class=\"vc_single_image-img attachment-medium\" alt=\"\" title=\"asayglobal_logo2\" srcset=\"https:\/\/asaygloballtd.com\/wp-content\/uploads\/2024\/03\/asayglobal_logo2-2-300x300.png 300w, https:\/\/asaygloballtd.com\/wp-content\/uploads\/2024\/03\/asayglobal_logo2-2-150x150.png 150w, https:\/\/asaygloballtd.com\/wp-content\/uploads\/2024\/03\/asayglobal_logo2-2-12x12.png 12w, https:\/\/asaygloballtd.com\/wp-content\/uploads\/2024\/03\/asayglobal_logo2-2-85x85.png 85w, https:\/\/asaygloballtd.com\/wp-content\/uploads\/2024\/03\/asayglobal_logo2-2-400x400.png 400w, https:\/\/asaygloballtd.com\/wp-content\/uploads\/2024\/03\/asayglobal_logo2-2.png 500w\" sizes=\"auto, (max-width: 300px) 100vw, 300px\" \/><\/div>\n\t\t<\/figure>\n\t<\/div>\n<\/div><\/div><\/div><div class=\"wpb_column vc_column_inner vc_column_container vc_col-sm-12 vc_col-lg-4 vc_col-md-12 typo-default\"><div class=\"vc_column-inner vc_custom_1502351299470\"><div class=\"wpb_wrapper\"><div class=\"zozo-feature-box feature-box-style style-title-top-icon style-sep-no vc_custom_1730993895536 clearfix\" id=\"feature-box-2\"><div class=\"grid-item\"><div class=\"grid-icon-box\"><div class=\"grid-box-inner grid-icon-box-wrapper grid-box-exlarge grid-box-icon-none  grid-icon-box-left\"><div class=\"grid-icon-box-title\"><div class=\"grid-image-wrapper zozo-image-wrapper img-none img-size-small\"><a href=\"https:\/\/ioconceptofficial.com\/\" title=\"\" target=\"_self\"><img loading=\"lazy\" decoding=\"async\" width=\"150\" height=\"150\" src=\"https:\/\/asaygloballtd.com\/wp-content\/uploads\/2024\/03\/Android-150x150.png\" class=\"img-none attachment-thumbnail\" alt=\"\" title=\"Android\" srcset=\"https:\/\/asaygloballtd.com\/wp-content\/uploads\/2024\/03\/Android-150x150.png 150w, https:\/\/asaygloballtd.com\/wp-content\/uploads\/2024\/03\/Android-12x12.png 12w, https:\/\/asaygloballtd.com\/wp-content\/uploads\/2024\/03\/Android-85x85.png 85w, https:\/\/asaygloballtd.com\/wp-content\/uploads\/2024\/03\/Android.png 196w\" sizes=\"auto, (max-width: 150px) 100vw, 150px\" \/><\/a><\/div><h5 class=\"grid-title\" >MARKAMIZ<\/h5><\/div><div class=\"clearfix\"><\/div><div class=\"grid-icon-box-content\"><div class=\"grid-desc\" ><p>IO CONCEPT<\/p>\n<p><a href=\"https:\/\/ioconceptofficial.com\/\">https:\/\/io-concept.com\/<\/a><\/p>\n<\/div><div class=\"grid-button\"><a href=\"https:\/\/ioconceptofficial.com\/\" title=\"\" target=\"_self\">Daha Fazla<\/a><\/div><\/div><\/div><\/div><\/div><\/div><\/div><\/div><\/div><\/div><\/div><\/div><\/div><\/div><\/div><\/div><\/div><\/section>\r\n\t\r\r\n\r\n\r\r\n\n<\/div>","protected":false},"excerpt":{"rendered":"Ticari FaaliyetlerAsay Global TOPTAN SATI\u015eS\u00fcrd\u00fcr\u00fclebilir Pamuk\/Keten\/Kenevir\/Y\u00fcn Haz\u0131r Giyim ve Konfeksiyon \u2013 Otel Tekstil\u00a0 \u00dcr\u00fcnlerin (Online- Toptan \u2013 Perakende Sat\u0131\u015f) Sat\u0131\u015f\u0131 Daha Fazla MARKAMIZIO CONCEPT https:\/\/io-concept.com\/ Daha Fazla","protected":false},"author":1,"featured_media":0,"parent":0,"menu_order":0,"comment_status":"closed","ping_status":"closed","template":"","meta":{"footnotes":""},"class_list":["post-10858","page","type-page","status-publish","hentry"],"yoast_head":"<!-- This site is optimized with the Yoast SEO plugin v22.2 - https:\/\/yoast.com\/wordpress\/plugins\/seo\/ -->\n<title>Ticari Faliyetler AsayGlobal<\/title>\n<meta name=\"description\" content=\"Ticari Faliyetler AsayGlobal\" \/>\n<meta name=\"robots\" content=\"index, follow, max-snippet:-1, max-image-preview:large, max-video-preview:-1\" \/>\n<link rel=\"canonical\" href=\"https:\/\/asaygloballtd.com\/tr\/ticari-faaliyetler-2\/\" \/>\n<meta property=\"og:locale\" content=\"tr_TR\" \/>\n<meta property=\"og:type\" content=\"article\" \/>\n<meta property=\"og:title\" content=\"Ticari Faliyetler AsayGlobal\" \/>\n<meta property=\"og:description\" content=\"Ticari Faliyetler AsayGlobal\" \/>\n<meta property=\"og:url\" content=\"https:\/\/asaygloballtd.com\/tr\/ticari-faaliyetler-2\/\" \/>\n<meta property=\"og:site_name\" content=\"AsayGlobal\" \/>\n<meta property=\"article:publisher\" content=\"https:\/\/www.facebook.com\/asayglobal\" \/>\n<meta property=\"article:modified_time\" content=\"2024-11-07T15:38:20+00:00\" \/>\n<meta name=\"twitter:card\" content=\"summary_large_image\" \/>\n<meta name=\"twitter:site\" content=\"@asayglobal\" \/>\n<meta name=\"twitter:label1\" content=\"Tahmini okuma s\u00fcresi\" \/>\n\t<meta name=\"twitter:data1\" content=\"1 dakika\" \/>\n<script type=\"application\/ld+json\" class=\"yoast-schema-graph\">{\"@context\":\"https:\/\/schema.org\",\"@graph\":[{\"@type\":\"WebPage\",\"@id\":\"https:\/\/asaygloballtd.com\/ticari-faaliyetler-2\/\",\"url\":\"https:\/\/asaygloballtd.com\/ticari-faaliyetler-2\/\",\"name\":\"Ticari Faliyetler AsayGlobal\",\"isPartOf\":{\"@id\":\"https:\/\/asaygloballtd.com\/en\/#website\"},\"datePublished\":\"2014-03-10T04:26:45+00:00\",\"dateModified\":\"2024-11-07T15:38:20+00:00\",\"description\":\"Ticari Faliyetler AsayGlobal\",\"breadcrumb\":{\"@id\":\"https:\/\/asaygloballtd.com\/ticari-faaliyetler-2\/#breadcrumb\"},\"inLanguage\":\"tr\",\"potentialAction\":[{\"@type\":\"ReadAction\",\"target\":[\"https:\/\/asaygloballtd.com\/ticari-faaliyetler-2\/\"]}]},{\"@type\":\"BreadcrumbList\",\"@id\":\"https:\/\/asaygloballtd.com\/ticari-faaliyetler-2\/#breadcrumb\",\"itemListElement\":[{\"@type\":\"ListItem\",\"position\":1,\"name\":\"Anasayfa\",\"item\":\"https:\/\/asaygloballtd.com\/en\/\"},{\"@type\":\"ListItem\",\"position\":2,\"name\":\"Ticari Faliyetler\"}]},{\"@type\":\"WebSite\",\"@id\":\"https:\/\/asaygloballtd.com\/en\/#website\",\"url\":\"https:\/\/asaygloballtd.com\/en\/\",\"name\":\"AsayGlobal\",\"description\":\"Asay Global\",\"publisher\":{\"@id\":\"https:\/\/asaygloballtd.com\/en\/#organization\"},\"potentialAction\":[{\"@type\":\"SearchAction\",\"target\":{\"@type\":\"EntryPoint\",\"urlTemplate\":\"https:\/\/asaygloballtd.com\/en\/?s={search_term_string}\"},\"query-input\":\"required name=search_term_string\"}],\"inLanguage\":\"tr\"},{\"@type\":\"Organization\",\"@id\":\"https:\/\/asaygloballtd.com\/en\/#organization\",\"name\":\"AsayGlobal\",\"url\":\"https:\/\/asaygloballtd.com\/en\/\",\"logo\":{\"@type\":\"ImageObject\",\"inLanguage\":\"tr\",\"@id\":\"https:\/\/asaygloballtd.com\/en\/#\/schema\/logo\/image\/\",\"url\":\"https:\/\/asaygloballtd.com\/wp-content\/uploads\/2024\/03\/asayglobal_export_import_ecommerce_education_organization_2024-3.png\",\"contentUrl\":\"https:\/\/asaygloballtd.com\/wp-content\/uploads\/2024\/03\/asayglobal_export_import_ecommerce_education_organization_2024-3.png\",\"width\":500,\"height\":500,\"caption\":\"AsayGlobal\"},\"image\":{\"@id\":\"https:\/\/asaygloballtd.com\/en\/#\/schema\/logo\/image\/\"},\"sameAs\":[\"https:\/\/www.facebook.com\/asayglobal\",\"https:\/\/twitter.com\/asayglobal\",\"https:\/\/www.instagram.com\/asayglobal\/\",\"https:\/\/www.linkedin.com\/company\/asay-global\/about\/\"]}]}<\/script>\n<!-- \/ Yoast SEO plugin. -->","yoast_head_json":{"title":"Ticari Faliyetler AsayGlobal","description":"Ticari Faliyetler AsayGlobal","robots":{"index":"index","follow":"follow","max-snippet":"max-snippet:-1","max-image-preview":"max-image-preview:large","max-video-preview":"max-video-preview:-1"},"canonical":"https:\/\/asaygloballtd.com\/tr\/ticari-faaliyetler-2\/","og_locale":"tr_TR","og_type":"article","og_title":"Ticari Faliyetler AsayGlobal","og_description":"Ticari Faliyetler AsayGlobal","og_url":"https:\/\/asaygloballtd.com\/tr\/ticari-faaliyetler-2\/","og_site_name":"AsayGlobal","article_publisher":"https:\/\/www.facebook.com\/asayglobal","article_modified_time":"2024-11-07T15:38:20+00:00","twitter_card":"summary_large_image","twitter_site":"@asayglobal","twitter_misc":{"Tahmini okuma s\u00fcresi":"1 dakika"},"schema":{"@context":"https:\/\/schema.org","@graph":[{"@type":"WebPage","@id":"https:\/\/asaygloballtd.com\/ticari-faaliyetler-2\/","url":"https:\/\/asaygloballtd.com\/ticari-faaliyetler-2\/","name":"Ticari Faliyetler AsayGlobal","isPartOf":{"@id":"https:\/\/asaygloballtd.com\/en\/#website"},"datePublished":"2014-03-10T04:26:45+00:00","dateModified":"2024-11-07T15:38:20+00:00","description":"Ticari Faliyetler AsayGlobal","breadcrumb":{"@id":"https:\/\/asaygloballtd.com\/ticari-faaliyetler-2\/#breadcrumb"},"inLanguage":"tr","potentialAction":[{"@type":"ReadAction","target":["https:\/\/asaygloballtd.com\/ticari-faaliyetler-2\/"]}]},{"@type":"BreadcrumbList","@id":"https:\/\/asaygloballtd.com\/ticari-faaliyetler-2\/#breadcrumb","itemListElement":[{"@type":"ListItem","position":1,"name":"Anasayfa","item":"https:\/\/asaygloballtd.com\/en\/"},{"@type":"ListItem","position":2,"name":"Ticari Faliyetler"}]},{"@type":"WebSite","@id":"https:\/\/asaygloballtd.com\/en\/#website","url":"https:\/\/asaygloballtd.com\/en\/","name":"AsayGlobal","description":"Asay Global","publisher":{"@id":"https:\/\/asaygloballtd.com\/en\/#organization"},"potentialAction":[{"@type":"SearchAction","target":{"@type":"EntryPoint","urlTemplate":"https:\/\/asaygloballtd.com\/en\/?s={search_term_string}"},"query-input":"required name=search_term_string"}],"inLanguage":"tr"},{"@type":"Organization","@id":"https:\/\/asaygloballtd.com\/en\/#organization","name":"AsayGlobal","url":"https:\/\/asaygloballtd.com\/en\/","logo":{"@type":"ImageObject","inLanguage":"tr","@id":"https:\/\/asaygloballtd.com\/en\/#\/schema\/logo\/image\/","url":"https:\/\/asaygloballtd.com\/wp-content\/uploads\/2024\/03\/asayglobal_export_import_ecommerce_education_organization_2024-3.png","contentUrl":"https:\/\/asaygloballtd.com\/wp-content\/uploads\/2024\/03\/asayglobal_export_import_ecommerce_education_organization_2024-3.png","width":500,"height":500,"caption":"AsayGlobal"},"image":{"@id":"https:\/\/asaygloballtd.com\/en\/#\/schema\/logo\/image\/"},"sameAs":["https:\/\/www.facebook.com\/asayglobal","https:\/\/twitter.com\/asayglobal","https:\/\/www.instagram.com\/asayglobal\/","https:\/\/www.linkedin.com\/company\/asay-global\/about\/"]}]}},"_links":{"self":[{"href":"https:\/\/asaygloballtd.com\/tr\/wp-json\/wp\/v2\/pages\/10858","targetHints":{"allow":["GET"]}}],"collection":[{"href":"https:\/\/asaygloballtd.com\/tr\/wp-json\/wp\/v2\/pages"}],"about":[{"href":"https:\/\/asaygloballtd.com\/tr\/wp-json\/wp\/v2\/types\/page"}],"author":[{"embeddable":true,"href":"https:\/\/asaygloballtd.com\/tr\/wp-json\/wp\/v2\/users\/1"}],"replies":[{"embeddable":true,"href":"https:\/\/asaygloballtd.com\/tr\/wp-json\/wp\/v2\/comments?post=10858"}],"version-history":[{"count":13,"href":"https:\/\/asaygloballtd.com\/tr\/wp-json\/wp\/v2\/pages\/10858\/revisions"}],"predecessor-version":[{"id":11780,"href":"https:\/\/asaygloballtd.com\/tr\/wp-json\/wp\/v2\/pages\/10858\/revisions\/11780"}],"wp:attachment":[{"href":"https:\/\/asaygloballtd.com\/tr\/wp-json\/wp\/v2\/media?parent=10858"}],"curies":[{"name":"wp","href":"https:\/\/api.w.org\/{rel}","templated":true}]}}