{"id":24,"date":"2024-03-02T07:16:27","date_gmt":"2024-03-02T04:16:27","guid":{"rendered":"http:\/\/zozothemes.com\/wp\/mistwp\/medical\/?page_id=24"},"modified":"2024-03-19T17:42:20","modified_gmt":"2024-03-19T14:42:20","slug":"iletisim","status":"publish","type":"page","link":"https:\/\/asaygloballtd.com\/en\/iletisim\/","title":{"rendered":"\u0130leti\u015fim"},"content":{"rendered":"<div class=\"wpb-content-wrapper\"><section class=\"vc_row wpb_row vc_row-fluid vc_custom_1491912314820 vc-zozo-section typo-default\"><div class=\"zozo-vc-main-row-inner vc-normal-section\"><div class=\"container\"><div class=\"row\"><div class=\"wpb_column vc_main_column vc_column_container vc_col-sm-12 typo-default\"><div class=\"vc_column-inner \"><div class=\"wpb_wrapper\"><div class=\"gmap-wrapper\"><div class=\"gmap_canvas\" data-type=\"roadmap\" data-zoom=\"13\" data-scrollwheel=\"false\" data-zoomcontrol=\"true\" data-hue=\"#000000\" data-marker=\"https:\/\/asaygloballtd.com\/wp-content\/uploads\/2015\/11\/marker-map1.png\" data-saturation=\"-100\" data-lightness=\"0\" data-address=\"-4.325, 15.322222\" data-addresses=\"-4.325, 15.322222\" data-title=\"Kishansa City,\" data-content=\"Lorem ipsum dolor sit amet.\" style=\"width: 100%; height: 310px;\"><\/div><\/div><\/div><\/div><\/div><\/div><\/div><\/div><\/section>\r\n\t\r\r\n\r\n\r\r\n\r\n\r\r\n\t<section class=\"vc_row wpb_row vc_row-fluid vc_custom_1491912969983 vc-zozo-section typo-default\"><div class=\"zozo-vc-main-row-inner vc-normal-section\"><div class=\"container\"><div class=\"row\"><div class=\"wpb_column vc_main_column vc_column_container vc_col-sm-6 typo-default\"><div class=\"vc_column-inner \"><div class=\"wpb_wrapper\"><div class=\"zozo-parallax-header\"><div class=\"parallax-header content-style-default\"><h2 class=\"parallax-title text-left\">\u0130LET\u0130\u015e\u0130MDE KALIN<\/h2><div class=\"parallax-desc default-style text-left\"><p>Hizmetlerimiz, faaliyet alanlar\u0131m\u0131z ve markam\u0131z ile ilgili sizlerle payla\u015f\u0131mda olmak \u00f6nceliklerimiz aras\u0131ndad\u0131r.<\/p>\n<\/div><\/div><\/div><div class=\"contact-form-wrapper form-style-default form-layout-default\"><p class=\"bg-success zozo-form-success\"><\/p><p class=\"bg-danger zozo-form-error\"><\/p><div class=\"zozo-contact-form-container\"><form name=\"contactform1\" class=\"zozo-contact-form\" id=\"contactform1\" method=\"post\" action=\"#\" data-name_not_empty=\"Ad-Soyad gereklidir, bo\u015f b\u0131rak\u0131lamaz.\" data-email_not_empty=\"E-Posta adresi gereklidir.\" data-email_valid=\"E-Mail adresi girebilirsiniz.\" data-phone_valid=\"Mesaj\" data-msg_not_empty=\"Mesaj\"><div class=\"zozo-input-text form-group\"><label class=\"sr-only\" for=\"contact_name\">A-Soyad<\/label><input type=\"text\" name=\"contact_name\" id=\"contact_name\" class=\"input-name form-control\" placeholder=\"A-Soyad\" value=\"\"><\/div><div class=\"zozo-input-phone form-group\"><label class=\"sr-only\" for=\"contact_phone\">Telefon<\/label><input type=\"text\" id=\"contact_phone\" name=\"contact_phone\" class=\"input-phone form-control\" placeholder=\"Telefon\" value=\"\"><\/div><div class=\"zozo-input-email form-group\"><label class=\"sr-only\" for=\"contact_email\">E-mail<\/label><input type=\"text\" name=\"contact_email\" id=\"contact_email\" class=\"input-email form-control\" placeholder=\"E-mail\" value=\"\"><\/div><div class=\"zozo-textarea-message form-group\"><label class=\"sr-only\" for=\"contact_message\">Mesaj<\/label><textarea name=\"contact_message\" id=\"contact_message\" class=\"textarea-message form-control\" rows=\"3\" cols=\"25\" placeholder=\"Mesaj\"><\/textarea><\/div><input type=\"hidden\" id=\"send_to_email\" name=\"send_to_email\" value=\"info@asaygloballtd.com\"><input type=\"hidden\" id=\"mail_from_name\" name=\"mail_from_name\" value=\"\"><input type=\"hidden\" id=\"mail_from_email\" name=\"mail_from_email\" value=\"\"><input type=\"hidden\" id=\"mail_subject\" name=\"mail_subject\" value=\"\"><div class=\"zozo-input-submit form-group text-left\"><button type=\"submit\" class=\"btn zozo-submit btn-block zozo-btn-icon-right\">G\u00f6nder <i class=\"zozo-btn-icon \"><\/i><\/button><\/div><\/form><\/div><\/div><\/div><\/div><\/div><div class=\"wpb_column vc_main_column vc_column_container vc_col-sm-6 typo-default\"><div class=\"vc_column-inner \"><div class=\"wpb_wrapper\"><div class=\"zozo-parallax-header\"><div class=\"parallax-header content-style-default\"><h2 class=\"parallax-title text-left\">\u0130leti\u015fim Bilgileri<\/h2><div class=\"parallax-desc default-style text-left\"><p>\u0130leti\u015fimde Kal\u0131n<\/p>\n<\/div><\/div><\/div><div class=\"zozo-vc-custom-css\" data-css=\"#feature-box-1 .grid-item .grid-box-inner .grid-icon { color:#ffffff; }\n#feature-box-1 .grid-item:hover .grid-box-inner .icon-hv-bg-icon .grid-icon { color:#ffffff; }\n\"><\/div><div class=\"zozo-feature-box feature-box-style style-default-box style-sep-yes  clearfix\" id=\"feature-box-1\"><div class=\"grid-item\"><div class=\"grid-box-inner grid-text-left grid-box-normal grid-box-icon-circle grid-icon-shape grid-shape-none\"><div class=\"grid-icon-wrapper icon-hv-bg-icon shape-icon-circle\"><i class=\"fas fa-expand-arrows-alt grid-icon zozo-icon icon-shape icon-circle icon-skin-default icon-bg pattern-1 icon-normal\"><\/i><\/div><div class=\"grid-content-wrapper\"><h5 class=\"grid-title \" >ADRES<\/h5><div class=\"grid-desc\" ><p>Maidan \u0130\u015f Merkezi<\/p>\n<p>Mustafa Kemal Mah. \u00c7ankaya\/Ankara<\/p>\n<p>T\u00fcrkiye<\/p>\n<\/div><\/div><\/div><\/div><\/div><div class=\"zozo-vc-custom-css\" data-css=\"#feature-box-2 .grid-item .grid-box-inner .grid-icon { color:#ffffff; }\n#feature-box-2 .grid-item:hover .grid-box-inner .icon-hv-bg-icon .grid-icon { color:#ffffff; }\n\"><\/div><div class=\"zozo-feature-box feature-box-style style-default-box style-sep-yes  clearfix\" id=\"feature-box-2\"><div class=\"grid-item\"><div class=\"grid-box-inner grid-text-left grid-box-normal grid-box-icon-circle grid-icon-shape grid-shape-none\"><div class=\"grid-icon-wrapper icon-hv-bg-icon shape-icon-circle\"><i class=\"fas fa-assistive-listening-systems grid-icon zozo-icon icon-shape icon-circle icon-skin-default icon-bg pattern-1 icon-normal\"><\/i><\/div><div class=\"grid-content-wrapper\"><h5 class=\"grid-title \" >TELEFON<\/h5><div class=\"grid-desc\" ><p>+90 543 118 83 69<\/p>\n<\/div><\/div><\/div><\/div><\/div><div class=\"zozo-vc-custom-css\" data-css=\"#feature-box-3 .grid-item .grid-box-inner .grid-icon { color:#ffffff; }\n#feature-box-3 .grid-item:hover .grid-box-inner .icon-hv-bg-icon .grid-icon { color:#ffffff; }\n\"><\/div><div class=\"zozo-feature-box feature-box-style style-default-box style-sep-yes  clearfix\" id=\"feature-box-3\"><div class=\"grid-item\"><div class=\"grid-box-inner grid-text-left grid-box-normal grid-box-icon-circle grid-icon-shape grid-shape-none\"><div class=\"grid-icon-wrapper icon-hv-bg-icon shape-icon-circle\"><i class=\"simple-icon icon-envelope grid-icon zozo-icon icon-shape icon-circle icon-skin-default icon-bg pattern-1 icon-normal\"><\/i><\/div><div class=\"grid-content-wrapper\"><h5 class=\"grid-title \" >MAIL<\/h5><div class=\"grid-desc\" ><p>info@asaygloballtd.com<\/p>\n<p>asayglobal@asaygloballtd.com<\/p>\n<\/div><\/div><\/div><\/div><\/div><\/div><\/div><\/div><\/div><\/div><\/div><\/section>\r\n\t\r\r\n\r\n\r\r\n\r\n\r\r\n\t<section data-vc-parallax=\"1.5\" class=\"vc_row wpb_row vc_row-fluid additional-call-to-action vc_custom_1502454447116 vc_row-has-fill vc_general vc_parallax vc_parallax-content-moving vc-zozo-section typo-light bg-overlay-primary\"><div class=\"zozo-vc-main-row-inner vc-normal-section\"><div class=\"container\"><div class=\"row\"><div class=\"wpb_column vc_main_column vc_column_container vc_col-sm-12 vc_col-lg-9 vc_col-md-9 typo-default\"><div class=\"vc_column-inner \"><div class=\"wpb_wrapper\">\n\t<div class=\"wpb_text_column wpb_content_element \" >\n\t\t<div class=\"wpb_wrapper\">\n\t\t\t<h4>DETAYLI B\u0130LG\u0130 \u0130\u00c7\u0130N, \u0130LET\u0130\u015e\u0130ME GE\u00c7\u0130N!<\/h4>\n<p>Asay Global E-Ticaret ve Dan\u0131\u015fmanl\u0131k Limited \u015eirketi<\/p>\n\n\t\t<\/div>\n\t<\/div>\n<\/div><\/div><\/div><div class=\"wpb_column vc_main_column vc_column_container vc_col-sm-12 vc_col-lg-3 vc_col-md-3 typo-default\"><div class=\"vc_column-inner \"><div class=\"wpb_wrapper\"><div class=\"vc_btn3-container  margin-top-20 additional-btn vc_btn3-right vc_custom_1710763805552\" ><a class=\"vc_general vc_btn3 vc_btn3-size-md vc_btn3-shape-rounded vc_btn3-style-default vc_btn3-color-white\" href=\"https:\/\/asaygloballtd.com\/\" title=\"\u0130leti\u015fim\">\u0130leti\u015fimde Kal<\/a><\/div><\/div><\/div><\/div><\/div><\/div><\/div><\/section>\n<\/div>","protected":false},"excerpt":{"rendered":"\u0130LET\u0130\u015e\u0130MDE KALINHizmetlerimiz, faaliyet alanlar\u0131m\u0131z ve markam\u0131z ile ilgili sizlerle payla\u015f\u0131mda olmak \u00f6nceliklerimiz aras\u0131ndad\u0131r. A-SoyadTelefonE-mailMesajG\u00f6nder \u0130leti\u015fim Bilgileri\u0130leti\u015fimde Kal\u0131n ADRESMaidan \u0130\u015f Merkezi Mustafa Kemal Mah. \u00c7ankaya\/Ankara T\u00fcrkiye TELEFON+90 543 118 83 69 MAILinfo@asaygloballtd.com asayglobal@asaygloballtd.com DETAYLI B\u0130LG\u0130 \u0130\u00c7\u0130N, \u0130LET\u0130\u015e\u0130ME GE\u00c7\u0130N! Asay Global E-Ticaret ve Dan\u0131\u015fmanl\u0131k Limited \u015eirketi \u0130leti\u015fimde Kal","protected":false},"author":1,"featured_media":0,"parent":0,"menu_order":0,"comment_status":"closed","ping_status":"closed","template":"template-fullwidth.php","meta":{"footnotes":""},"class_list":["post-24","page","type-page","status-publish","hentry"],"yoast_head":"<!-- This site is optimized with the Yoast SEO plugin v22.2 - https:\/\/yoast.com\/wordpress\/plugins\/seo\/ -->\n<title>\u0130leti\u015fim AsayGlobal<\/title>\n<meta name=\"description\" content=\"AsayGlobal \u0130leti\u015fim\" \/>\n<meta name=\"robots\" content=\"index, follow, max-snippet:-1, max-image-preview:large, max-video-preview:-1\" \/>\n<link rel=\"canonical\" href=\"https:\/\/asaygloballtd.com\/en\/iletisim\/\" \/>\n<meta property=\"og:locale\" content=\"en_US\" \/>\n<meta property=\"og:type\" content=\"article\" \/>\n<meta property=\"og:title\" content=\"\u0130leti\u015fim AsayGlobal\" \/>\n<meta property=\"og:description\" content=\"AsayGlobal \u0130leti\u015fim\" \/>\n<meta property=\"og:url\" content=\"https:\/\/asaygloballtd.com\/en\/iletisim\/\" \/>\n<meta property=\"og:site_name\" content=\"AsayGlobal\" \/>\n<meta property=\"article:publisher\" content=\"https:\/\/www.facebook.com\/asayglobal\" \/>\n<meta property=\"article:modified_time\" content=\"2024-03-19T14:42:20+00:00\" \/>\n<meta name=\"twitter:card\" content=\"summary_large_image\" \/>\n<meta name=\"twitter:site\" content=\"@asayglobal\" \/>\n<meta name=\"twitter:label1\" content=\"Est. reading time\" \/>\n\t<meta name=\"twitter:data1\" content=\"1 minute\" \/>\n<script type=\"application\/ld+json\" class=\"yoast-schema-graph\">{\"@context\":\"https:\/\/schema.org\",\"@graph\":[{\"@type\":\"WebPage\",\"@id\":\"https:\/\/asaygloballtd.com\/iletisim\/\",\"url\":\"https:\/\/asaygloballtd.com\/iletisim\/\",\"name\":\"\u0130leti\u015fim AsayGlobal\",\"isPartOf\":{\"@id\":\"https:\/\/asaygloballtd.com\/en\/#website\"},\"datePublished\":\"2024-03-02T04:16:27+00:00\",\"dateModified\":\"2024-03-19T14:42:20+00:00\",\"description\":\"AsayGlobal \u0130leti\u015fim\",\"breadcrumb\":{\"@id\":\"https:\/\/asaygloballtd.com\/iletisim\/#breadcrumb\"},\"inLanguage\":\"en-US\",\"potentialAction\":[{\"@type\":\"ReadAction\",\"target\":[\"https:\/\/asaygloballtd.com\/iletisim\/\"]}]},{\"@type\":\"BreadcrumbList\",\"@id\":\"https:\/\/asaygloballtd.com\/iletisim\/#breadcrumb\",\"itemListElement\":[{\"@type\":\"ListItem\",\"position\":1,\"name\":\"Anasayfa\",\"item\":\"https:\/\/asaygloballtd.com\/en\/\"},{\"@type\":\"ListItem\",\"position\":2,\"name\":\"\u0130leti\u015fim\"}]},{\"@type\":\"WebSite\",\"@id\":\"https:\/\/asaygloballtd.com\/en\/#website\",\"url\":\"https:\/\/asaygloballtd.com\/en\/\",\"name\":\"AsayGlobal\",\"description\":\"Asay Global\",\"publisher\":{\"@id\":\"https:\/\/asaygloballtd.com\/en\/#organization\"},\"potentialAction\":[{\"@type\":\"SearchAction\",\"target\":{\"@type\":\"EntryPoint\",\"urlTemplate\":\"https:\/\/asaygloballtd.com\/en\/?s={search_term_string}\"},\"query-input\":\"required name=search_term_string\"}],\"inLanguage\":\"en-US\"},{\"@type\":\"Organization\",\"@id\":\"https:\/\/asaygloballtd.com\/en\/#organization\",\"name\":\"AsayGlobal\",\"url\":\"https:\/\/asaygloballtd.com\/en\/\",\"logo\":{\"@type\":\"ImageObject\",\"inLanguage\":\"en-US\",\"@id\":\"https:\/\/asaygloballtd.com\/en\/#\/schema\/logo\/image\/\",\"url\":\"https:\/\/asaygloballtd.com\/wp-content\/uploads\/2024\/03\/asayglobal_export_import_ecommerce_education_organization_2024-3.png\",\"contentUrl\":\"https:\/\/asaygloballtd.com\/wp-content\/uploads\/2024\/03\/asayglobal_export_import_ecommerce_education_organization_2024-3.png\",\"width\":500,\"height\":500,\"caption\":\"AsayGlobal\"},\"image\":{\"@id\":\"https:\/\/asaygloballtd.com\/en\/#\/schema\/logo\/image\/\"},\"sameAs\":[\"https:\/\/www.facebook.com\/asayglobal\",\"https:\/\/twitter.com\/asayglobal\",\"https:\/\/www.instagram.com\/asayglobal\/\",\"https:\/\/www.linkedin.com\/company\/asay-global\/about\/\"]}]}<\/script>\n<!-- \/ Yoast SEO plugin. -->","yoast_head_json":{"title":"\u0130leti\u015fim AsayGlobal","description":"AsayGlobal \u0130leti\u015fim","robots":{"index":"index","follow":"follow","max-snippet":"max-snippet:-1","max-image-preview":"max-image-preview:large","max-video-preview":"max-video-preview:-1"},"canonical":"https:\/\/asaygloballtd.com\/en\/iletisim\/","og_locale":"en_US","og_type":"article","og_title":"\u0130leti\u015fim AsayGlobal","og_description":"AsayGlobal \u0130leti\u015fim","og_url":"https:\/\/asaygloballtd.com\/en\/iletisim\/","og_site_name":"AsayGlobal","article_publisher":"https:\/\/www.facebook.com\/asayglobal","article_modified_time":"2024-03-19T14:42:20+00:00","twitter_card":"summary_large_image","twitter_site":"@asayglobal","twitter_misc":{"Est. reading time":"1 minute"},"schema":{"@context":"https:\/\/schema.org","@graph":[{"@type":"WebPage","@id":"https:\/\/asaygloballtd.com\/iletisim\/","url":"https:\/\/asaygloballtd.com\/iletisim\/","name":"\u0130leti\u015fim AsayGlobal","isPartOf":{"@id":"https:\/\/asaygloballtd.com\/en\/#website"},"datePublished":"2024-03-02T04:16:27+00:00","dateModified":"2024-03-19T14:42:20+00:00","description":"AsayGlobal \u0130leti\u015fim","breadcrumb":{"@id":"https:\/\/asaygloballtd.com\/iletisim\/#breadcrumb"},"inLanguage":"en-US","potentialAction":[{"@type":"ReadAction","target":["https:\/\/asaygloballtd.com\/iletisim\/"]}]},{"@type":"BreadcrumbList","@id":"https:\/\/asaygloballtd.com\/iletisim\/#breadcrumb","itemListElement":[{"@type":"ListItem","position":1,"name":"Anasayfa","item":"https:\/\/asaygloballtd.com\/en\/"},{"@type":"ListItem","position":2,"name":"\u0130leti\u015fim"}]},{"@type":"WebSite","@id":"https:\/\/asaygloballtd.com\/en\/#website","url":"https:\/\/asaygloballtd.com\/en\/","name":"AsayGlobal","description":"Asay Global","publisher":{"@id":"https:\/\/asaygloballtd.com\/en\/#organization"},"potentialAction":[{"@type":"SearchAction","target":{"@type":"EntryPoint","urlTemplate":"https:\/\/asaygloballtd.com\/en\/?s={search_term_string}"},"query-input":"required name=search_term_string"}],"inLanguage":"en-US"},{"@type":"Organization","@id":"https:\/\/asaygloballtd.com\/en\/#organization","name":"AsayGlobal","url":"https:\/\/asaygloballtd.com\/en\/","logo":{"@type":"ImageObject","inLanguage":"en-US","@id":"https:\/\/asaygloballtd.com\/en\/#\/schema\/logo\/image\/","url":"https:\/\/asaygloballtd.com\/wp-content\/uploads\/2024\/03\/asayglobal_export_import_ecommerce_education_organization_2024-3.png","contentUrl":"https:\/\/asaygloballtd.com\/wp-content\/uploads\/2024\/03\/asayglobal_export_import_ecommerce_education_organization_2024-3.png","width":500,"height":500,"caption":"AsayGlobal"},"image":{"@id":"https:\/\/asaygloballtd.com\/en\/#\/schema\/logo\/image\/"},"sameAs":["https:\/\/www.facebook.com\/asayglobal","https:\/\/twitter.com\/asayglobal","https:\/\/www.instagram.com\/asayglobal\/","https:\/\/www.linkedin.com\/company\/asay-global\/about\/"]}]}},"_links":{"self":[{"href":"https:\/\/asaygloballtd.com\/en\/wp-json\/wp\/v2\/pages\/24","targetHints":{"allow":["GET"]}}],"collection":[{"href":"https:\/\/asaygloballtd.com\/en\/wp-json\/wp\/v2\/pages"}],"about":[{"href":"https:\/\/asaygloballtd.com\/en\/wp-json\/wp\/v2\/types\/page"}],"author":[{"embeddable":true,"href":"https:\/\/asaygloballtd.com\/en\/wp-json\/wp\/v2\/users\/1"}],"replies":[{"embeddable":true,"href":"https:\/\/asaygloballtd.com\/en\/wp-json\/wp\/v2\/comments?post=24"}],"version-history":[{"count":7,"href":"https:\/\/asaygloballtd.com\/en\/wp-json\/wp\/v2\/pages\/24\/revisions"}],"predecessor-version":[{"id":11727,"href":"https:\/\/asaygloballtd.com\/en\/wp-json\/wp\/v2\/pages\/24\/revisions\/11727"}],"wp:attachment":[{"href":"https:\/\/asaygloballtd.com\/en\/wp-json\/wp\/v2\/media?parent=24"}],"curies":[{"name":"wp","href":"https:\/\/api.w.org\/{rel}","templated":true}]}}