{"id":11327,"date":"2024-03-13T15:11:03","date_gmt":"2024-03-13T15:11:03","guid":{"rendered":"https:\/\/asaygloballtd.com\/?page_id=11327"},"modified":"2024-03-18T22:25:01","modified_gmt":"2024-03-18T19:25:01","slug":"hizmetlerimiz","status":"publish","type":"page","link":"http:\/\/asaygloballtd.com\/tr\/hizmetlerimiz\/","title":{"rendered":"Hizmetlerimiz"},"content":{"rendered":"<div class=\"wpb-content-wrapper\">\r\n\r\r\n\t<section class=\"vc_row wpb_row vc_row-fluid vc_custom_1491901670569 vc-zozo-section typo-default\"><div class=\"zozo-vc-main-row-inner vc-normal-section\"><div class=\"container\"><div class=\"row\"><div class=\"wpb_column vc_main_column vc_column_container vc_col-sm-12 typo-default\"><div class=\"vc_column-inner\"><div class=\"wpb_wrapper\"><div class=\"zozo-services-grid-wrapper services-columns-4\"><div class=\"row services-grid-inner\"><div class=\"services-item col-md-3 col-sm-6 col-xs-12\"><div class=\"services-item-img\"><a href=\"http:\/\/asaygloballtd.com\/tr\/services\/e-ticaret-ve-e-ihracat-is-gelistirme-danismanlik\/\"><img loading=\"lazy\" decoding=\"async\" class=\"img-responsive\" src=\"https:\/\/asaygloballtd.com\/wp-content\/uploads\/2024\/03\/asayglobal_e-ticaretve_e-ihracat-560x385.jpg\" width=\"560\" height=\"385\" alt=\"E-Ticaret ve E-\u0130hracat\/ \u0130\u015f Geli\u015ftirme\/ Dan\u0131\u015fmanl\u0131k\" \/><\/a><\/div><div class=\"services-content-wrapper\"><h4><a href=\"http:\/\/asaygloballtd.com\/tr\/services\/e-ticaret-ve-e-ihracat-is-gelistirme-danismanlik\/\" title=\"E-Ticaret ve E-\u0130hracat\/ \u0130\u015f Geli\u015ftirme\/ Dan\u0131\u015fmanl\u0131k\">E-Ticaret ve E-\u0130hracat\/ \u0130\u015f Geli\u015ftirme\/ Dan\u0131\u015fmanl\u0131k<\/a><\/h4><div class=\"services-excerpts\"><p>...<\/p><\/div><a href=\"http:\/\/asaygloballtd.com\/tr\/services\/e-ticaret-ve-e-ihracat-is-gelistirme-danismanlik\/\" class=\"btn btn-more\" title=\"E-Ticaret ve E-\u0130hracat\/ \u0130\u015f Geli\u015ftirme\/ Dan\u0131\u015fmanl\u0131k\">Read More<\/a><\/div><\/div><div class=\"services-item col-md-3 col-sm-6 col-xs-12\"><div class=\"services-item-img\"><a href=\"http:\/\/asaygloballtd.com\/tr\/services\/egitim-grup-takim-yonetici-isletme-koclugusisteme-kocluk\/\"><img loading=\"lazy\" decoding=\"async\" class=\"img-responsive\" src=\"https:\/\/asaygloballtd.com\/wp-content\/uploads\/2024\/03\/asayglobal_egitim-560x385.jpg\" width=\"560\" height=\"385\" alt=\"E\u011fitim \u2013 Grup\/Tak\u0131m\/Y\u00f6netici\/\u0130\u015fletme Ko\u00e7lu\u011fu(Sisteme Ko\u00e7luk)\" \/><\/a><\/div><div class=\"services-content-wrapper\"><h4><a href=\"http:\/\/asaygloballtd.com\/tr\/services\/egitim-grup-takim-yonetici-isletme-koclugusisteme-kocluk\/\" title=\"E\u011fitim \u2013 Grup\/Tak\u0131m\/Y\u00f6netici\/\u0130\u015fletme Ko\u00e7lu\u011fu(Sisteme Ko\u00e7luk)\">E\u011fitim \u2013 Grup\/Tak\u0131m\/Y\u00f6netici\/\u0130\u015fletme Ko\u00e7lu\u011fu(Sisteme Ko\u00e7luk)<\/a><\/h4><div class=\"services-excerpts\"><p>...<\/p><\/div><a href=\"http:\/\/asaygloballtd.com\/tr\/services\/egitim-grup-takim-yonetici-isletme-koclugusisteme-kocluk\/\" class=\"btn btn-more\" title=\"E\u011fitim \u2013 Grup\/Tak\u0131m\/Y\u00f6netici\/\u0130\u015fletme Ko\u00e7lu\u011fu(Sisteme Ko\u00e7luk)\">Read More<\/a><\/div><\/div><div class=\"services-item col-md-3 col-sm-6 col-xs-12\"><div class=\"services-item-img\"><a href=\"http:\/\/asaygloballtd.com\/tr\/services\/organizasyon\/\"><img loading=\"lazy\" decoding=\"async\" class=\"img-responsive\" src=\"https:\/\/asaygloballtd.com\/wp-content\/uploads\/2024\/03\/asayglobal_organizasyon-560x385.jpg\" width=\"560\" height=\"385\" alt=\"Organizasyon\" \/><\/a><\/div><div class=\"services-content-wrapper\"><h4><a href=\"http:\/\/asaygloballtd.com\/tr\/services\/organizasyon\/\" title=\"Organizasyon\">Organizasyon<\/a><\/h4><div class=\"services-excerpts\"><p>...<\/p><\/div><a href=\"http:\/\/asaygloballtd.com\/tr\/services\/organizasyon\/\" class=\"btn btn-more\" title=\"Organizasyon\">Read More<\/a><\/div><\/div><div class=\"services-item col-md-3 col-sm-6 col-xs-12\"><div class=\"services-item-img\"><a href=\"http:\/\/asaygloballtd.com\/tr\/services\/pamuk-keten-kenevir-yun-hazir-giyim-ve-konfeksiyon-otel-tekstil-online-toptan-perakende-satis\/\"><img loading=\"lazy\" decoding=\"async\" class=\"img-responsive\" src=\"https:\/\/asaygloballtd.com\/wp-content\/uploads\/2024\/03\/asayglobal_keten_pamuk_kenevir-560x385.jpg\" width=\"560\" height=\"385\" alt=\"Pamuk\/Keten\/  Kenevir\/Y\u00fcn Haz\u0131r Giyim ve Konfeksiyon \u2013 Otel Tekstil (Online- Toptan \u2013 Perakende Sat\u0131\u015f)\" \/><\/a><\/div><div class=\"services-content-wrapper\"><h4><a href=\"http:\/\/asaygloballtd.com\/tr\/services\/pamuk-keten-kenevir-yun-hazir-giyim-ve-konfeksiyon-otel-tekstil-online-toptan-perakende-satis\/\" title=\"Pamuk\/Keten\/  Kenevir\/Y\u00fcn Haz\u0131r Giyim ve Konfeksiyon \u2013 Otel Tekstil (Online- Toptan \u2013 Perakende Sat\u0131\u015f)\">Pamuk\/Keten\/  Kenevir\/Y\u00fcn Haz\u0131r Giyim ve Konfeksiyon \u2013 Otel Tekstil (Online- Toptan \u2013 Perakende Sat\u0131\u015f)<\/a><\/h4><div class=\"services-excerpts\"><p>...<\/p><\/div><a href=\"http:\/\/asaygloballtd.com\/tr\/services\/pamuk-keten-kenevir-yun-hazir-giyim-ve-konfeksiyon-otel-tekstil-online-toptan-perakende-satis\/\" class=\"btn btn-more\" title=\"Pamuk\/Keten\/  Kenevir\/Y\u00fcn Haz\u0131r Giyim ve Konfeksiyon \u2013 Otel Tekstil (Online- Toptan \u2013 Perakende Sat\u0131\u015f)\">Read More<\/a><\/div><\/div><\/div><\/div><\/div><\/div><\/div><\/div><\/div><\/div><\/section>\r\n\t\r\r\n\r\n\r\r\n\n<\/div>","protected":false},"excerpt":{"rendered":"Enhancing Life. Excelling in Care..... Health CareVivamus est arcu, condimentum vitae elementum vitae, dictum tincidunt ipsum. Maecenas vel lacus erat. Cancer CareVivamus est arcu, condimentum vitae elementum vitae, dictum tincidunt ipsum. Maecenas vel lacus erat. FitnessVivamus est arcu, condimentum vitae elementum vitae, dictum tincidunt ipsum. Maecenas vel lacus erat. Emergency CareVivamus est arcu, condimentum vitae elementum vitae, dictum tincidunt ipsum....","protected":false},"author":1,"featured_media":0,"parent":0,"menu_order":0,"comment_status":"closed","ping_status":"closed","template":"template-fullwidth.php","meta":{"footnotes":""},"class_list":["post-11327","page","type-page","status-publish","hentry"],"yoast_head":"<!-- This site is optimized with the Yoast SEO plugin v22.2 - https:\/\/yoast.com\/wordpress\/plugins\/seo\/ -->\n<title>Hizmetlerimiz AsayGlobal<\/title>\n<meta name=\"description\" content=\"Hizmetlerimiz AsayGlobal\" \/>\n<meta name=\"robots\" content=\"index, follow, max-snippet:-1, max-image-preview:large, max-video-preview:-1\" \/>\n<link rel=\"canonical\" href=\"http:\/\/asaygloballtd.com\/tr\/hizmetlerimiz\/\" \/>\n<meta property=\"og:locale\" content=\"tr_TR\" \/>\n<meta property=\"og:type\" content=\"article\" \/>\n<meta property=\"og:title\" content=\"Hizmetlerimiz AsayGlobal\" \/>\n<meta property=\"og:description\" content=\"Hizmetlerimiz AsayGlobal\" \/>\n<meta property=\"og:url\" content=\"http:\/\/asaygloballtd.com\/tr\/hizmetlerimiz\/\" \/>\n<meta property=\"og:site_name\" content=\"AsayGlobal\" \/>\n<meta property=\"article:publisher\" content=\"https:\/\/www.facebook.com\/asayglobal\" \/>\n<meta property=\"article:modified_time\" content=\"2024-03-18T19:25:01+00:00\" \/>\n<meta name=\"twitter:card\" content=\"summary_large_image\" \/>\n<meta name=\"twitter:site\" content=\"@asayglobal\" \/>\n<meta name=\"twitter:label1\" content=\"Tahmini okuma s\u00fcresi\" \/>\n\t<meta name=\"twitter:data1\" content=\"1 dakika\" \/>\n<script type=\"application\/ld+json\" class=\"yoast-schema-graph\">{\"@context\":\"https:\/\/schema.org\",\"@graph\":[{\"@type\":\"WebPage\",\"@id\":\"https:\/\/asaygloballtd.com\/hizmetlerimiz\/\",\"url\":\"https:\/\/asaygloballtd.com\/hizmetlerimiz\/\",\"name\":\"Hizmetlerimiz AsayGlobal\",\"isPartOf\":{\"@id\":\"https:\/\/asaygloballtd.com\/en\/#website\"},\"datePublished\":\"2024-03-13T15:11:03+00:00\",\"dateModified\":\"2024-03-18T19:25:01+00:00\",\"description\":\"Hizmetlerimiz AsayGlobal\",\"breadcrumb\":{\"@id\":\"https:\/\/asaygloballtd.com\/hizmetlerimiz\/#breadcrumb\"},\"inLanguage\":\"tr\",\"potentialAction\":[{\"@type\":\"ReadAction\",\"target\":[\"https:\/\/asaygloballtd.com\/hizmetlerimiz\/\"]}]},{\"@type\":\"BreadcrumbList\",\"@id\":\"https:\/\/asaygloballtd.com\/hizmetlerimiz\/#breadcrumb\",\"itemListElement\":[{\"@type\":\"ListItem\",\"position\":1,\"name\":\"Anasayfa\",\"item\":\"https:\/\/asaygloballtd.com\/en\/\"},{\"@type\":\"ListItem\",\"position\":2,\"name\":\"Hizmetlerimiz\"}]},{\"@type\":\"WebSite\",\"@id\":\"https:\/\/asaygloballtd.com\/en\/#website\",\"url\":\"https:\/\/asaygloballtd.com\/en\/\",\"name\":\"AsayGlobal\",\"description\":\"Asay Global\",\"publisher\":{\"@id\":\"https:\/\/asaygloballtd.com\/en\/#organization\"},\"potentialAction\":[{\"@type\":\"SearchAction\",\"target\":{\"@type\":\"EntryPoint\",\"urlTemplate\":\"https:\/\/asaygloballtd.com\/en\/?s={search_term_string}\"},\"query-input\":\"required name=search_term_string\"}],\"inLanguage\":\"tr\"},{\"@type\":\"Organization\",\"@id\":\"https:\/\/asaygloballtd.com\/en\/#organization\",\"name\":\"AsayGlobal\",\"url\":\"https:\/\/asaygloballtd.com\/en\/\",\"logo\":{\"@type\":\"ImageObject\",\"inLanguage\":\"tr\",\"@id\":\"https:\/\/asaygloballtd.com\/en\/#\/schema\/logo\/image\/\",\"url\":\"https:\/\/asaygloballtd.com\/wp-content\/uploads\/2024\/03\/asayglobal_export_import_ecommerce_education_organization_2024-3.png\",\"contentUrl\":\"https:\/\/asaygloballtd.com\/wp-content\/uploads\/2024\/03\/asayglobal_export_import_ecommerce_education_organization_2024-3.png\",\"width\":500,\"height\":500,\"caption\":\"AsayGlobal\"},\"image\":{\"@id\":\"https:\/\/asaygloballtd.com\/en\/#\/schema\/logo\/image\/\"},\"sameAs\":[\"https:\/\/www.facebook.com\/asayglobal\",\"https:\/\/twitter.com\/asayglobal\",\"https:\/\/www.instagram.com\/asayglobal\/\",\"https:\/\/www.linkedin.com\/company\/asay-global\/about\/\"]}]}<\/script>\n<!-- \/ Yoast SEO plugin. -->","yoast_head_json":{"title":"Hizmetlerimiz AsayGlobal","description":"Hizmetlerimiz AsayGlobal","robots":{"index":"index","follow":"follow","max-snippet":"max-snippet:-1","max-image-preview":"max-image-preview:large","max-video-preview":"max-video-preview:-1"},"canonical":"http:\/\/asaygloballtd.com\/tr\/hizmetlerimiz\/","og_locale":"tr_TR","og_type":"article","og_title":"Hizmetlerimiz AsayGlobal","og_description":"Hizmetlerimiz AsayGlobal","og_url":"http:\/\/asaygloballtd.com\/tr\/hizmetlerimiz\/","og_site_name":"AsayGlobal","article_publisher":"https:\/\/www.facebook.com\/asayglobal","article_modified_time":"2024-03-18T19:25:01+00:00","twitter_card":"summary_large_image","twitter_site":"@asayglobal","twitter_misc":{"Tahmini okuma s\u00fcresi":"1 dakika"},"schema":{"@context":"https:\/\/schema.org","@graph":[{"@type":"WebPage","@id":"https:\/\/asaygloballtd.com\/hizmetlerimiz\/","url":"https:\/\/asaygloballtd.com\/hizmetlerimiz\/","name":"Hizmetlerimiz AsayGlobal","isPartOf":{"@id":"https:\/\/asaygloballtd.com\/en\/#website"},"datePublished":"2024-03-13T15:11:03+00:00","dateModified":"2024-03-18T19:25:01+00:00","description":"Hizmetlerimiz AsayGlobal","breadcrumb":{"@id":"https:\/\/asaygloballtd.com\/hizmetlerimiz\/#breadcrumb"},"inLanguage":"tr","potentialAction":[{"@type":"ReadAction","target":["https:\/\/asaygloballtd.com\/hizmetlerimiz\/"]}]},{"@type":"BreadcrumbList","@id":"https:\/\/asaygloballtd.com\/hizmetlerimiz\/#breadcrumb","itemListElement":[{"@type":"ListItem","position":1,"name":"Anasayfa","item":"https:\/\/asaygloballtd.com\/en\/"},{"@type":"ListItem","position":2,"name":"Hizmetlerimiz"}]},{"@type":"WebSite","@id":"https:\/\/asaygloballtd.com\/en\/#website","url":"https:\/\/asaygloballtd.com\/en\/","name":"AsayGlobal","description":"Asay Global","publisher":{"@id":"https:\/\/asaygloballtd.com\/en\/#organization"},"potentialAction":[{"@type":"SearchAction","target":{"@type":"EntryPoint","urlTemplate":"https:\/\/asaygloballtd.com\/en\/?s={search_term_string}"},"query-input":"required name=search_term_string"}],"inLanguage":"tr"},{"@type":"Organization","@id":"https:\/\/asaygloballtd.com\/en\/#organization","name":"AsayGlobal","url":"https:\/\/asaygloballtd.com\/en\/","logo":{"@type":"ImageObject","inLanguage":"tr","@id":"https:\/\/asaygloballtd.com\/en\/#\/schema\/logo\/image\/","url":"https:\/\/asaygloballtd.com\/wp-content\/uploads\/2024\/03\/asayglobal_export_import_ecommerce_education_organization_2024-3.png","contentUrl":"https:\/\/asaygloballtd.com\/wp-content\/uploads\/2024\/03\/asayglobal_export_import_ecommerce_education_organization_2024-3.png","width":500,"height":500,"caption":"AsayGlobal"},"image":{"@id":"https:\/\/asaygloballtd.com\/en\/#\/schema\/logo\/image\/"},"sameAs":["https:\/\/www.facebook.com\/asayglobal","https:\/\/twitter.com\/asayglobal","https:\/\/www.instagram.com\/asayglobal\/","https:\/\/www.linkedin.com\/company\/asay-global\/about\/"]}]}},"_links":{"self":[{"href":"http:\/\/asaygloballtd.com\/tr\/wp-json\/wp\/v2\/pages\/11327","targetHints":{"allow":["GET"]}}],"collection":[{"href":"http:\/\/asaygloballtd.com\/tr\/wp-json\/wp\/v2\/pages"}],"about":[{"href":"http:\/\/asaygloballtd.com\/tr\/wp-json\/wp\/v2\/types\/page"}],"author":[{"embeddable":true,"href":"http:\/\/asaygloballtd.com\/tr\/wp-json\/wp\/v2\/users\/1"}],"replies":[{"embeddable":true,"href":"http:\/\/asaygloballtd.com\/tr\/wp-json\/wp\/v2\/comments?post=11327"}],"version-history":[{"count":3,"href":"http:\/\/asaygloballtd.com\/tr\/wp-json\/wp\/v2\/pages\/11327\/revisions"}],"predecessor-version":[{"id":11707,"href":"http:\/\/asaygloballtd.com\/tr\/wp-json\/wp\/v2\/pages\/11327\/revisions\/11707"}],"wp:attachment":[{"href":"http:\/\/asaygloballtd.com\/tr\/wp-json\/wp\/v2\/media?parent=11327"}],"curies":[{"name":"wp","href":"https:\/\/api.w.org\/{rel}","templated":true}]}}