{"id":11053,"date":"2024-03-11T05:39:10","date_gmt":"2024-03-11T02:39:10","guid":{"rendered":"http:\/\/demo.zozothemes.com\/medicalhealth\/?page_id=11053"},"modified":"2024-03-18T18:21:12","modified_gmt":"2024-03-18T15:21:12","slug":"blog","status":"publish","type":"page","link":"http:\/\/asaygloballtd.com\/tr\/blog\/","title":{"rendered":"Blog"},"content":{"rendered":"<div class=\"wpb-content-wrapper\">\r\n\r\r\n\t<section class=\"vc_row wpb_row vc_row-fluid vc_custom_1495711630392 vc-zozo-section typo-default\"><div class=\"zozo-vc-main-row-inner vc-normal-section\"><div class=\"wpb_column vc_main_column vc_column_container vc_col-sm-12 typo-default\"><div class=\"vc_column-inner\"><div class=\"wpb_wrapper\"><div id=\"zozo-blog-posts-container\" class=\"zozo-blog-posts-wrapper zozo-isotope-grid-system\"><div class=\"zozo-isotope-wrapper blog-isotope-wrapper\"><div id=\"archive-posts-container\" class=\"zozo-posts-container zozo-isotope-layout grid-layout grid-col-3 clearfix\" data-layout=\"masonry\" data-columns=\"3\" data-gutter=\"30\"><article id=\"post-392\" class=\"isotope-post grid-posts post-iso-w4 post-iso-h4 post-392 post type-post status-publish format-standard has-post-thumbnail hentry category-is-gelistirme tag-is-gelistirme\"><div class=\"post-inner-wrapper post-inside-wrapper margin-top-20\"><div class=\"post-featured-image only-image\"><div class=\"entry-thumbnail-wrapper\"><div class=\"entry-thumbnail\"><a href=\"http:\/\/asaygloballtd.com\/tr\/verimlilik\/\" title=\"Verimlilik\" class=\"post-img\"><img loading=\"lazy\" decoding=\"async\" width=\"570\" height=\"370\" src=\"https:\/\/asaygloballtd.com\/wp-content\/uploads\/2024\/03\/hand-drawing-social-network-icons-570x370.jpg\" class=\"attachment-medicalhealth-blog-medium size-medicalhealth-blog-medium wp-post-image\" alt=\"\" \/><\/a><div class=\"post-date-wrap\"><p class=\"post-date\"><i class=\"fa fa-calendar-check-o\"><\/i>14.03.2024<\/span><\/p><\/div><\/div><\/div><\/div><div class=\"posts-content-container\"><div class=\"entry-header\"><h2 class=\"entry-title\"><a href=\"http:\/\/asaygloballtd.com\/tr\/verimlilik\/\" rel=\"bookmark\" title=\"Verimlilik\">Verimlilik<\/a><\/h2><\/div><div class=\"entry-summary clearfix\"><p>Verimlilik, makro ve mikro ekonomi teorisinin i\u00e7inde yer alan bir kavramd\u0131r. Makro olarak temelde verimlilik art\u0131\u015f\u0131n\u0131<\/p><\/div><div class=\"entry-meta-wrapper\"><div class=\"entry-meta\"><div class=\"post-author\"><img alt='' src='https:\/\/secure.gravatar.com\/avatar\/1c216aa49fb9d55ffa52ffd9bff3555f3e6dc9a11642de4abaf5ad8026e55228?s=40&#038;d=mm&#038;r=g' srcset='https:\/\/secure.gravatar.com\/avatar\/1c216aa49fb9d55ffa52ffd9bff3555f3e6dc9a11642de4abaf5ad8026e55228?s=80&#038;d=mm&#038;r=g 2x' class='avatar avatar-40 photo' height='40' width='40' \/><h6 class=\"post-author-name\"><a href=\"http:\/\/asaygloballtd.com\/tr\/author\/asayglobal\/\" title=\"asayglobal taraf\u0131ndan yaz\u0131lan yaz\u0131lar\" rel=\"author\">asayglobal<\/a><\/h6><\/div><div class=\"post-category\"><a href=\"http:\/\/asaygloballtd.com\/tr\/category\/is-gelistirme\/\">\u0130\u015f Geli\u015ftirme<\/a><\/div><\/div><div class=\"read-more\"><a href=\"http:\/\/asaygloballtd.com\/tr\/verimlilik\/\" class=\"btn-more read-more-link\">Read more<\/a><\/div><\/div><\/div><\/div><\/article><article id=\"post-395\" class=\"isotope-post grid-posts post-iso-w4 post-iso-h4 post-395 post type-post status-publish format-standard has-post-thumbnail hentry category-is-gelistirme\"><div class=\"post-inner-wrapper post-inside-wrapper margin-top-20\"><div class=\"post-featured-image only-image\"><div class=\"entry-thumbnail-wrapper\"><div class=\"entry-thumbnail\"><a href=\"http:\/\/asaygloballtd.com\/tr\/surdurulebilirlik\/\" title=\"S\u00fcrd\u00fcr\u00fclebilirlik\" class=\"post-img\"><img loading=\"lazy\" decoding=\"async\" width=\"570\" height=\"370\" src=\"https:\/\/asaygloballtd.com\/wp-content\/uploads\/2024\/03\/people-holding-earth-their-hands-570x370.jpg\" class=\"attachment-medicalhealth-blog-medium size-medicalhealth-blog-medium wp-post-image\" alt=\"\" \/><\/a><div class=\"post-date-wrap\"><p class=\"post-date\"><i class=\"fa fa-calendar-check-o\"><\/i>13.03.2024<\/span><\/p><\/div><\/div><\/div><\/div><div class=\"posts-content-container\"><div class=\"entry-header\"><h2 class=\"entry-title\"><a href=\"http:\/\/asaygloballtd.com\/tr\/surdurulebilirlik\/\" rel=\"bookmark\" title=\"S\u00fcrd\u00fcr\u00fclebilirlik\">S\u00fcrd\u00fcr\u00fclebilirlik<\/a><\/h2><\/div><div class=\"entry-summary clearfix\"><p>S\u00fcrd\u00fcr\u00fclebilirlik kavram\u0131 genel anlam\u0131yla belirsiz bir s\u00fcre boyunca bir durum veya s\u00fcrecin s\u00fcrd\u00fcr\u00fclebilme kapasitesini ifade eder<\/p><\/div><div class=\"entry-meta-wrapper\"><div class=\"entry-meta\"><div class=\"post-author\"><img alt='' src='https:\/\/secure.gravatar.com\/avatar\/1c216aa49fb9d55ffa52ffd9bff3555f3e6dc9a11642de4abaf5ad8026e55228?s=40&#038;d=mm&#038;r=g' srcset='https:\/\/secure.gravatar.com\/avatar\/1c216aa49fb9d55ffa52ffd9bff3555f3e6dc9a11642de4abaf5ad8026e55228?s=80&#038;d=mm&#038;r=g 2x' class='avatar avatar-40 photo' height='40' width='40' \/><h6 class=\"post-author-name\"><a href=\"http:\/\/asaygloballtd.com\/tr\/author\/asayglobal\/\" title=\"asayglobal taraf\u0131ndan yaz\u0131lan yaz\u0131lar\" rel=\"author\">asayglobal<\/a><\/h6><\/div><div class=\"post-category\"><a href=\"http:\/\/asaygloballtd.com\/tr\/category\/is-gelistirme\/\">\u0130\u015f Geli\u015ftirme<\/a><\/div><\/div><div class=\"read-more\"><a href=\"http:\/\/asaygloballtd.com\/tr\/surdurulebilirlik\/\" class=\"btn-more read-more-link\">Read more<\/a><\/div><\/div><\/div><\/div><\/article><article id=\"post-389\" class=\"isotope-post grid-posts post-iso-w4 post-iso-h4 post-389 post type-post status-publish format-standard has-post-thumbnail hentry category-is-gelistirme tag-e-ticaret\"><div class=\"post-inner-wrapper post-inside-wrapper margin-top-20\"><div class=\"post-featured-image only-image\"><div class=\"entry-thumbnail-wrapper\"><div class=\"entry-thumbnail\"><a href=\"http:\/\/asaygloballtd.com\/tr\/e-ticaret\/\" title=\"E-Ticaret\" class=\"post-img\"><img loading=\"lazy\" decoding=\"async\" width=\"570\" height=\"370\" src=\"https:\/\/asaygloballtd.com\/wp-content\/uploads\/2024\/03\/network-connection-graphic-overlay-banner-floor-570x370.jpg\" class=\"attachment-medicalhealth-blog-medium size-medicalhealth-blog-medium wp-post-image\" alt=\"\" \/><\/a><div class=\"post-date-wrap\"><p class=\"post-date\"><i class=\"fa fa-calendar-check-o\"><\/i>05.03.2024<\/span><\/p><\/div><\/div><\/div><\/div><div class=\"posts-content-container\"><div class=\"entry-header\"><h2 class=\"entry-title\"><a href=\"http:\/\/asaygloballtd.com\/tr\/e-ticaret\/\" rel=\"bookmark\" title=\"E-Ticaret\">E-Ticaret<\/a><\/h2><\/div><div class=\"entry-summary clearfix\"><p>Ticaret ve E-ticaret Kavramlar\u0131\nParan\u0131n ortaya \u00e7\u0131kmas\u0131ndan \u00f6nce, insanlar\u0131n kulland\u0131klar\u0131 e\u015fyalar\u0131 nas\u0131l elde etti\u011fini biliyor muydunuz?\nParadan \u00f6nce<\/p><\/div><div class=\"entry-meta-wrapper\"><div class=\"entry-meta\"><div class=\"post-author\"><img alt='' src='https:\/\/secure.gravatar.com\/avatar\/1c216aa49fb9d55ffa52ffd9bff3555f3e6dc9a11642de4abaf5ad8026e55228?s=40&#038;d=mm&#038;r=g' srcset='https:\/\/secure.gravatar.com\/avatar\/1c216aa49fb9d55ffa52ffd9bff3555f3e6dc9a11642de4abaf5ad8026e55228?s=80&#038;d=mm&#038;r=g 2x' class='avatar avatar-40 photo' height='40' width='40' \/><h6 class=\"post-author-name\"><a href=\"http:\/\/asaygloballtd.com\/tr\/author\/asayglobal\/\" title=\"asayglobal taraf\u0131ndan yaz\u0131lan yaz\u0131lar\" rel=\"author\">asayglobal<\/a><\/h6><\/div><div class=\"post-category\"><a href=\"http:\/\/asaygloballtd.com\/tr\/category\/is-gelistirme\/\">\u0130\u015f Geli\u015ftirme<\/a><\/div><\/div><div class=\"read-more\"><a href=\"http:\/\/asaygloballtd.com\/tr\/e-ticaret\/\" class=\"btn-more read-more-link\">Read more<\/a><\/div><\/div><\/div><\/div><\/article><article id=\"post-386\" class=\"isotope-post grid-posts post-iso-w4 post-iso-h4 post-386 post type-post status-publish format-standard has-post-thumbnail hentry category-is-gelistirme tag-e-ihracat\"><div class=\"post-inner-wrapper post-inside-wrapper margin-top-20\"><div class=\"post-featured-image only-image\"><div class=\"entry-thumbnail-wrapper\"><div class=\"entry-thumbnail\"><a href=\"http:\/\/asaygloballtd.com\/tr\/e-ihracat\/\" title=\"E-\u0130hracat\" class=\"post-img\"><img loading=\"lazy\" decoding=\"async\" width=\"570\" height=\"370\" src=\"https:\/\/asaygloballtd.com\/wp-content\/uploads\/2024\/03\/network-graphic-overlay-banner-background-570x370.jpg\" class=\"attachment-medicalhealth-blog-medium size-medicalhealth-blog-medium wp-post-image\" alt=\"\" \/><\/a><div class=\"post-date-wrap\"><p class=\"post-date\"><i class=\"fa fa-calendar-check-o\"><\/i>03.03.2024<\/span><\/p><\/div><\/div><\/div><\/div><div class=\"posts-content-container\"><div class=\"entry-header\"><h2 class=\"entry-title\"><a href=\"http:\/\/asaygloballtd.com\/tr\/e-ihracat\/\" rel=\"bookmark\" title=\"E-\u0130hracat\">E-\u0130hracat<\/a><\/h2><\/div><div class=\"entry-summary clearfix\"><p>E-\u0130hracat Nedir?\nD\u00fcnya ekonomisinin k\u00fcreselle\u015fmesi ve piyasa ko\u015fullar\u0131n\u0131n rekabet\u00e7i hale gelmesi ile ihracat\u0131n \u00f6nemi her ge\u00e7en g\u00fcn<\/p><\/div><div class=\"entry-meta-wrapper\"><div class=\"entry-meta\"><div class=\"post-author\"><img alt='' src='https:\/\/secure.gravatar.com\/avatar\/1c216aa49fb9d55ffa52ffd9bff3555f3e6dc9a11642de4abaf5ad8026e55228?s=40&#038;d=mm&#038;r=g' srcset='https:\/\/secure.gravatar.com\/avatar\/1c216aa49fb9d55ffa52ffd9bff3555f3e6dc9a11642de4abaf5ad8026e55228?s=80&#038;d=mm&#038;r=g 2x' class='avatar avatar-40 photo' height='40' width='40' \/><h6 class=\"post-author-name\"><a href=\"http:\/\/asaygloballtd.com\/tr\/author\/asayglobal\/\" title=\"asayglobal taraf\u0131ndan yaz\u0131lan yaz\u0131lar\" rel=\"author\">asayglobal<\/a><\/h6><\/div><div class=\"post-category\"><a href=\"http:\/\/asaygloballtd.com\/tr\/category\/is-gelistirme\/\">\u0130\u015f Geli\u015ftirme<\/a><\/div><\/div><div class=\"read-more\"><a href=\"http:\/\/asaygloballtd.com\/tr\/e-ihracat\/\" class=\"btn-more read-more-link\">Read more<\/a><\/div><\/div><\/div><\/div><\/article><article id=\"post-385\" class=\"isotope-post grid-posts post-iso-w4 post-iso-h4 post-385 post type-post status-publish format-standard has-post-thumbnail hentry category-is-gelistirme tag-egitim\"><div class=\"post-inner-wrapper post-inside-wrapper margin-top-20\"><div class=\"post-featured-image only-image\"><div class=\"entry-thumbnail-wrapper\"><div class=\"entry-thumbnail\"><a href=\"http:\/\/asaygloballtd.com\/tr\/egitim\/\" title=\"E\u011fitim\" class=\"post-img\"><img loading=\"lazy\" decoding=\"async\" width=\"570\" height=\"370\" src=\"https:\/\/asaygloballtd.com\/wp-content\/uploads\/2024\/03\/global-globalization-world-map-environmental-concservation-concept-570x370.jpg\" class=\"attachment-medicalhealth-blog-medium size-medicalhealth-blog-medium wp-post-image\" alt=\"\" \/><\/a><div class=\"post-date-wrap\"><p class=\"post-date\"><i class=\"fa fa-calendar-check-o\"><\/i>03.03.2024<\/span><\/p><\/div><\/div><\/div><\/div><div class=\"posts-content-container\"><div class=\"entry-header\"><h2 class=\"entry-title\"><a href=\"http:\/\/asaygloballtd.com\/tr\/egitim\/\" rel=\"bookmark\" title=\"E\u011fitim\">E\u011fitim<\/a><\/h2><\/div><div class=\"entry-summary clearfix\"><p>\u201cKnow-How Ne Demek?\u201d\u00a0sorusuna detayl\u0131 cevap vermeden \u00f6nce \u00f6ncelikle,\u00a0know-how\u00a0terimi ile okullarda \u00f6\u011frenilen kitabi bilgiden ziyade, ger\u00e7ek\u00a0\u00e7al\u0131\u015fma hayat\u0131ndaki<\/p><\/div><div class=\"entry-meta-wrapper\"><div class=\"entry-meta\"><div class=\"post-author\"><img alt='' src='https:\/\/secure.gravatar.com\/avatar\/1c216aa49fb9d55ffa52ffd9bff3555f3e6dc9a11642de4abaf5ad8026e55228?s=40&#038;d=mm&#038;r=g' srcset='https:\/\/secure.gravatar.com\/avatar\/1c216aa49fb9d55ffa52ffd9bff3555f3e6dc9a11642de4abaf5ad8026e55228?s=80&#038;d=mm&#038;r=g 2x' class='avatar avatar-40 photo' height='40' width='40' \/><h6 class=\"post-author-name\"><a href=\"http:\/\/asaygloballtd.com\/tr\/author\/asayglobal\/\" title=\"asayglobal taraf\u0131ndan yaz\u0131lan yaz\u0131lar\" rel=\"author\">asayglobal<\/a><\/h6><\/div><div class=\"post-category\"><a href=\"http:\/\/asaygloballtd.com\/tr\/category\/is-gelistirme\/\">\u0130\u015f Geli\u015ftirme<\/a><\/div><\/div><div class=\"read-more\"><a href=\"http:\/\/asaygloballtd.com\/tr\/egitim\/\" class=\"btn-more read-more-link\">Read more<\/a><\/div><\/div><\/div><\/div><\/article><article id=\"post-384\" class=\"isotope-post grid-posts post-iso-w4 post-iso-h4 post-384 post type-post status-publish format-standard has-post-thumbnail hentry category-is-gelistirme tag-organization\"><div class=\"post-inner-wrapper post-inside-wrapper margin-top-20\"><div class=\"post-featured-image only-image\"><div class=\"entry-thumbnail-wrapper\"><div class=\"entry-thumbnail\"><a href=\"http:\/\/asaygloballtd.com\/tr\/organization\/\" title=\"Organization\" class=\"post-img\"><img loading=\"lazy\" decoding=\"async\" width=\"570\" height=\"370\" src=\"https:\/\/asaygloballtd.com\/wp-content\/uploads\/2024\/03\/3d-render-low-poly-plexus-design-network-communications-570x370.jpg\" class=\"attachment-medicalhealth-blog-medium size-medicalhealth-blog-medium wp-post-image\" alt=\"\" \/><\/a><div class=\"post-date-wrap\"><p class=\"post-date\"><i class=\"fa fa-calendar-check-o\"><\/i>01.03.2024<\/span><\/p><\/div><\/div><\/div><\/div><div class=\"posts-content-container\"><div class=\"entry-header\"><h2 class=\"entry-title\"><a href=\"http:\/\/asaygloballtd.com\/tr\/organization\/\" rel=\"bookmark\" title=\"Organization\">Organization<\/a><\/h2><\/div><div class=\"entry-summary clearfix\"><p>Network Nedir?\nNetwork, bir insan\u0131n i\u015f hayat\u0131nda fayda sa\u011flayabilece\u011fi ve faydalanabilece\u011fi \u00e7evresine verilen isimdir. Size yeni bir<\/p><\/div><div class=\"entry-meta-wrapper\"><div class=\"entry-meta\"><div class=\"post-author\"><img alt='' src='https:\/\/secure.gravatar.com\/avatar\/1c216aa49fb9d55ffa52ffd9bff3555f3e6dc9a11642de4abaf5ad8026e55228?s=40&#038;d=mm&#038;r=g' srcset='https:\/\/secure.gravatar.com\/avatar\/1c216aa49fb9d55ffa52ffd9bff3555f3e6dc9a11642de4abaf5ad8026e55228?s=80&#038;d=mm&#038;r=g 2x' class='avatar avatar-40 photo' height='40' width='40' \/><h6 class=\"post-author-name\"><a href=\"http:\/\/asaygloballtd.com\/tr\/author\/asayglobal\/\" title=\"asayglobal taraf\u0131ndan yaz\u0131lan yaz\u0131lar\" rel=\"author\">asayglobal<\/a><\/h6><\/div><div class=\"post-category\"><a href=\"http:\/\/asaygloballtd.com\/tr\/category\/is-gelistirme\/\">\u0130\u015f Geli\u015ftirme<\/a><\/div><\/div><div class=\"read-more\"><a href=\"http:\/\/asaygloballtd.com\/tr\/organization\/\" class=\"btn-more read-more-link\">Read more<\/a><\/div><\/div><\/div><\/div><\/article><\/div><\/div><\/div><\/div><\/div><\/div><\/div><\/section>\r\n\t\r\r\n\r\n\r\r\n\n<\/div>","protected":false},"excerpt":{"rendered":"Network Nedir? Network, bir insan\u0131n i\u015f hayat\u0131nda fayda sa\u011flayabilece\u011fi ve faydalanabilece\u011fi \u00e7evresine verilen isimdir. Size yeni bir i\u015f bulman\u0131z konusunda yard\u0131m edebilecek, yeni yetkinlikler \u00f6\u011frenmenizi sa\u011flayacak, yat\u0131r\u0131m alman\u0131za, m\u00fc\u015fteri bulman\u0131za \u00f6nc\u00fc olabilecek olan ve bunu \u00fccret kar\u015f\u0131l\u0131\u011f\u0131nda de\u011fil de, profesyonel \u00e7evrenizde bulunduklar\u0131 i\u00e7in yapan insanlar, bireysel network olarak adland\u0131r\u0131l\u0131r. Network olu\u015fturma\u00a0eylemine de,\u00a0networking\u00a0ad\u0131 verilir. Yani profesyonel \u00e7evrenizi geli\u015ftirmek i\u00e7in etkinliklere kat\u0131lman\u0131z,...","protected":false},"author":1,"featured_media":0,"parent":0,"menu_order":0,"comment_status":"closed","ping_status":"closed","template":"","meta":{"footnotes":""},"class_list":["post-11053","page","type-page","status-publish","hentry"],"yoast_head":"<!-- This site is optimized with the Yoast SEO plugin v22.2 - https:\/\/yoast.com\/wordpress\/plugins\/seo\/ -->\n<title>Blog AsayGlobal<\/title>\n<meta name=\"description\" content=\"Blog AsayGlobal\" \/>\n<meta name=\"robots\" content=\"index, follow, max-snippet:-1, max-image-preview:large, max-video-preview:-1\" \/>\n<link rel=\"canonical\" href=\"http:\/\/asaygloballtd.com\/tr\/blog\/\" \/>\n<meta property=\"og:locale\" content=\"tr_TR\" \/>\n<meta property=\"og:type\" content=\"article\" \/>\n<meta property=\"og:title\" content=\"Blog AsayGlobal\" \/>\n<meta property=\"og:description\" content=\"Blog AsayGlobal\" \/>\n<meta property=\"og:url\" content=\"http:\/\/asaygloballtd.com\/tr\/blog\/\" \/>\n<meta property=\"og:site_name\" content=\"AsayGlobal\" \/>\n<meta property=\"article:publisher\" content=\"https:\/\/www.facebook.com\/asayglobal\" \/>\n<meta property=\"article:modified_time\" content=\"2024-03-18T15:21:12+00:00\" \/>\n<meta name=\"twitter:card\" content=\"summary_large_image\" \/>\n<meta name=\"twitter:site\" content=\"@asayglobal\" \/>\n<meta name=\"twitter:label1\" content=\"Tahmini okuma s\u00fcresi\" \/>\n\t<meta name=\"twitter:data1\" content=\"1 dakika\" \/>\n<script type=\"application\/ld+json\" class=\"yoast-schema-graph\">{\"@context\":\"https:\/\/schema.org\",\"@graph\":[{\"@type\":\"WebPage\",\"@id\":\"https:\/\/asaygloballtd.com\/blog\/\",\"url\":\"https:\/\/asaygloballtd.com\/blog\/\",\"name\":\"Blog AsayGlobal\",\"isPartOf\":{\"@id\":\"https:\/\/asaygloballtd.com\/en\/#website\"},\"datePublished\":\"2024-03-11T02:39:10+00:00\",\"dateModified\":\"2024-03-18T15:21:12+00:00\",\"description\":\"Blog AsayGlobal\",\"breadcrumb\":{\"@id\":\"https:\/\/asaygloballtd.com\/blog\/#breadcrumb\"},\"inLanguage\":\"tr\",\"potentialAction\":[{\"@type\":\"ReadAction\",\"target\":[\"https:\/\/asaygloballtd.com\/blog\/\"]}]},{\"@type\":\"BreadcrumbList\",\"@id\":\"https:\/\/asaygloballtd.com\/blog\/#breadcrumb\",\"itemListElement\":[{\"@type\":\"ListItem\",\"position\":1,\"name\":\"Anasayfa\",\"item\":\"https:\/\/asaygloballtd.com\/en\/\"},{\"@type\":\"ListItem\",\"position\":2,\"name\":\"Blog\"}]},{\"@type\":\"WebSite\",\"@id\":\"https:\/\/asaygloballtd.com\/en\/#website\",\"url\":\"https:\/\/asaygloballtd.com\/en\/\",\"name\":\"AsayGlobal\",\"description\":\"Asay Global\",\"publisher\":{\"@id\":\"https:\/\/asaygloballtd.com\/en\/#organization\"},\"potentialAction\":[{\"@type\":\"SearchAction\",\"target\":{\"@type\":\"EntryPoint\",\"urlTemplate\":\"https:\/\/asaygloballtd.com\/en\/?s={search_term_string}\"},\"query-input\":\"required name=search_term_string\"}],\"inLanguage\":\"tr\"},{\"@type\":\"Organization\",\"@id\":\"https:\/\/asaygloballtd.com\/en\/#organization\",\"name\":\"AsayGlobal\",\"url\":\"https:\/\/asaygloballtd.com\/en\/\",\"logo\":{\"@type\":\"ImageObject\",\"inLanguage\":\"tr\",\"@id\":\"https:\/\/asaygloballtd.com\/en\/#\/schema\/logo\/image\/\",\"url\":\"https:\/\/asaygloballtd.com\/wp-content\/uploads\/2024\/03\/asayglobal_export_import_ecommerce_education_organization_2024-3.png\",\"contentUrl\":\"https:\/\/asaygloballtd.com\/wp-content\/uploads\/2024\/03\/asayglobal_export_import_ecommerce_education_organization_2024-3.png\",\"width\":500,\"height\":500,\"caption\":\"AsayGlobal\"},\"image\":{\"@id\":\"https:\/\/asaygloballtd.com\/en\/#\/schema\/logo\/image\/\"},\"sameAs\":[\"https:\/\/www.facebook.com\/asayglobal\",\"https:\/\/twitter.com\/asayglobal\",\"https:\/\/www.instagram.com\/asayglobal\/\",\"https:\/\/www.linkedin.com\/company\/asay-global\/about\/\"]}]}<\/script>\n<!-- \/ Yoast SEO plugin. -->","yoast_head_json":{"title":"Blog AsayGlobal","description":"Blog AsayGlobal","robots":{"index":"index","follow":"follow","max-snippet":"max-snippet:-1","max-image-preview":"max-image-preview:large","max-video-preview":"max-video-preview:-1"},"canonical":"http:\/\/asaygloballtd.com\/tr\/blog\/","og_locale":"tr_TR","og_type":"article","og_title":"Blog AsayGlobal","og_description":"Blog AsayGlobal","og_url":"http:\/\/asaygloballtd.com\/tr\/blog\/","og_site_name":"AsayGlobal","article_publisher":"https:\/\/www.facebook.com\/asayglobal","article_modified_time":"2024-03-18T15:21:12+00:00","twitter_card":"summary_large_image","twitter_site":"@asayglobal","twitter_misc":{"Tahmini okuma s\u00fcresi":"1 dakika"},"schema":{"@context":"https:\/\/schema.org","@graph":[{"@type":"WebPage","@id":"https:\/\/asaygloballtd.com\/blog\/","url":"https:\/\/asaygloballtd.com\/blog\/","name":"Blog AsayGlobal","isPartOf":{"@id":"https:\/\/asaygloballtd.com\/en\/#website"},"datePublished":"2024-03-11T02:39:10+00:00","dateModified":"2024-03-18T15:21:12+00:00","description":"Blog AsayGlobal","breadcrumb":{"@id":"https:\/\/asaygloballtd.com\/blog\/#breadcrumb"},"inLanguage":"tr","potentialAction":[{"@type":"ReadAction","target":["https:\/\/asaygloballtd.com\/blog\/"]}]},{"@type":"BreadcrumbList","@id":"https:\/\/asaygloballtd.com\/blog\/#breadcrumb","itemListElement":[{"@type":"ListItem","position":1,"name":"Anasayfa","item":"https:\/\/asaygloballtd.com\/en\/"},{"@type":"ListItem","position":2,"name":"Blog"}]},{"@type":"WebSite","@id":"https:\/\/asaygloballtd.com\/en\/#website","url":"https:\/\/asaygloballtd.com\/en\/","name":"AsayGlobal","description":"Asay Global","publisher":{"@id":"https:\/\/asaygloballtd.com\/en\/#organization"},"potentialAction":[{"@type":"SearchAction","target":{"@type":"EntryPoint","urlTemplate":"https:\/\/asaygloballtd.com\/en\/?s={search_term_string}"},"query-input":"required name=search_term_string"}],"inLanguage":"tr"},{"@type":"Organization","@id":"https:\/\/asaygloballtd.com\/en\/#organization","name":"AsayGlobal","url":"https:\/\/asaygloballtd.com\/en\/","logo":{"@type":"ImageObject","inLanguage":"tr","@id":"https:\/\/asaygloballtd.com\/en\/#\/schema\/logo\/image\/","url":"https:\/\/asaygloballtd.com\/wp-content\/uploads\/2024\/03\/asayglobal_export_import_ecommerce_education_organization_2024-3.png","contentUrl":"https:\/\/asaygloballtd.com\/wp-content\/uploads\/2024\/03\/asayglobal_export_import_ecommerce_education_organization_2024-3.png","width":500,"height":500,"caption":"AsayGlobal"},"image":{"@id":"https:\/\/asaygloballtd.com\/en\/#\/schema\/logo\/image\/"},"sameAs":["https:\/\/www.facebook.com\/asayglobal","https:\/\/twitter.com\/asayglobal","https:\/\/www.instagram.com\/asayglobal\/","https:\/\/www.linkedin.com\/company\/asay-global\/about\/"]}]}},"_links":{"self":[{"href":"http:\/\/asaygloballtd.com\/tr\/wp-json\/wp\/v2\/pages\/11053","targetHints":{"allow":["GET"]}}],"collection":[{"href":"http:\/\/asaygloballtd.com\/tr\/wp-json\/wp\/v2\/pages"}],"about":[{"href":"http:\/\/asaygloballtd.com\/tr\/wp-json\/wp\/v2\/types\/page"}],"author":[{"embeddable":true,"href":"http:\/\/asaygloballtd.com\/tr\/wp-json\/wp\/v2\/users\/1"}],"replies":[{"embeddable":true,"href":"http:\/\/asaygloballtd.com\/tr\/wp-json\/wp\/v2\/comments?post=11053"}],"version-history":[{"count":3,"href":"http:\/\/asaygloballtd.com\/tr\/wp-json\/wp\/v2\/pages\/11053\/revisions"}],"predecessor-version":[{"id":11679,"href":"http:\/\/asaygloballtd.com\/tr\/wp-json\/wp\/v2\/pages\/11053\/revisions\/11679"}],"wp:attachment":[{"href":"http:\/\/asaygloballtd.com\/tr\/wp-json\/wp\/v2\/media?parent=11053"}],"curies":[{"name":"wp","href":"https:\/\/api.w.org\/{rel}","templated":true}]}}